{"id":3233,"date":"2020-03-23T20:19:24","date_gmt":"2020-03-23T20:19:24","guid":{"rendered":"https:\/\/www.mosaaremaa.ee\/toode\/saaremaa-hollandi-leibjuust-150g\/"},"modified":"2022-11-21T10:43:37","modified_gmt":"2022-11-21T10:43:37","slug":"saaremaa-hollandi-leibjuust-150g","status":"publish","type":"product","link":"https:\/\/www.mosaaremaa.ee\/fi\/toode\/saaremaa-hollandi-leibjuust-150g\/","title":{"rendered":"Mo Saaremaa Hollantilainen juusto 150g"},"content":{"rendered":"","protected":false},"excerpt":{"rendered":"<table width=\"225\">\n<tbody>\n<tr>\n<td width=\"225\">\n<h4>AINEOSAT<\/h4>\n<\/td>\n<\/tr>\n<\/tbody>\n<\/table>\n<p>past\u00f6roitu MAITO (Saare-, Hiiu- ja Muhumaa), happamuudens\u00e4\u00e4t\u00f6aine kalsiumkloridi, suola, hapate, juoksute.<\/p>\n<table style=\"height: 51px;\" width=\"260\">\n<tbody>\n<tr>\n<td width=\"125\">\n<h4>RAVINTOSIS\u00c4LT\u00d6 (100 G:SSA)<\/h4>\n<\/td>\n<\/tr>\n<\/tbody>\n<\/table>\n<table width=\"240\">\n<tbody>\n<tr>\n<td width=\"84\">Energia<\/td>\n<td width=\"156\">1378 kJ \/ 334 kcal<\/td>\n<\/tr>\n<tr>\n<td width=\"84\">Rasva<\/td>\n<td>26 g (josta tyydyttynytt\u00e4 17 g)<\/td>\n<\/tr>\n<tr>\n<td width=\"84\">Hiilihydraatit<\/td>\n<td>0 g (josta sokereita 0 g)<\/td>\n<\/tr>\n<tr>\n<td width=\"84\">Proteiini<\/td>\n<td>25 g<\/td>\n<\/tr>\n<tr>\n<td width=\"84\">Suola<\/td>\n<td>1,2 g<\/td>\n<\/tr>\n<\/tbody>\n<\/table>\n","protected":false},"featured_media":6706,"template":"","meta":[],"product_brand":[],"product_cat":[87,92,140],"product_tag":[],"class_list":{"0":"post-3233","1":"product","2":"type-product","3":"status-publish","4":"has-post-thumbnail","6":"product_cat-juusto","7":"product_cat-juustoviipalet","8":"product_cat-laktoositon","9":"description-off","11":"first","12":"instock","13":"shipping-taxable","14":"product-type-simple"},"_links":{"self":[{"href":"https:\/\/www.mosaaremaa.ee\/fi\/wp-json\/wp\/v2\/product\/3233","targetHints":{"allow":["GET"]}}],"collection":[{"href":"https:\/\/www.mosaaremaa.ee\/fi\/wp-json\/wp\/v2\/product"}],"about":[{"href":"https:\/\/www.mosaaremaa.ee\/fi\/wp-json\/wp\/v2\/types\/product"}],"wp:featuredmedia":[{"embeddable":true,"href":"https:\/\/www.mosaaremaa.ee\/fi\/wp-json\/wp\/v2\/media\/6706"}],"wp:attachment":[{"href":"https:\/\/www.mosaaremaa.ee\/fi\/wp-json\/wp\/v2\/media?parent=3233"}],"wp:term":[{"taxonomy":"product_brand","embeddable":true,"href":"https:\/\/www.mosaaremaa.ee\/fi\/wp-json\/wp\/v2\/product_brand?post=3233"},{"taxonomy":"product_cat","embeddable":true,"href":"https:\/\/www.mosaaremaa.ee\/fi\/wp-json\/wp\/v2\/product_cat?post=3233"},{"taxonomy":"product_tag","embeddable":true,"href":"https:\/\/www.mosaaremaa.ee\/fi\/wp-json\/wp\/v2\/product_tag?post=3233"}],"curies":[{"name":"wp","href":"https:\/\/api.w.org\/{rel}","templated":true}]}}