{"id":3247,"date":"2020-03-23T19:48:28","date_gmt":"2020-03-23T19:48:28","guid":{"rendered":"https:\/\/www.mosaaremaa.ee\/toode\/seltskonna-juustopalat-auringonkuivatut-tomaatit-200-g\/"},"modified":"2024-07-29T07:17:35","modified_gmt":"2024-07-29T07:17:35","slug":"seltskonna-juustopalat-aurinkokuivattujen-tomaattien-200-g","status":"publish","type":"product","link":"https:\/\/www.mosaaremaa.ee\/fi\/toode\/seltskonna-juustopalat-aurinkokuivattujen-tomaattien-200-g\/","title":{"rendered":"Mo Saaremaa juustopalat aurinkokuivatuilla tomaateilla 200 g"},"content":{"rendered":"","protected":false},"excerpt":{"rendered":"<table width=\"225\">\n<tbody>\n<tr>\n<td width=\"225\">\n<h4>AINEOSAT<\/h4>\n<\/td>\n<\/tr>\n<\/tbody>\n<\/table>\n<p>JUUSTO ((Past\u00f6roitu MAITO (Saare-, Hiiu- ja Muhumaa), happamuudens\u00e4\u00e4t\u00f6aine CaCl\u2082, suola, hapate, juoksute (mikrobiologinen)), Mojo-Rocho (aurinkokuivatut tomaatit 1%, mausteseos 0,9% (paprika, merisuola, valkosipuli, paahdettu sipuli, mausteet, yrtit)<\/p>\n<table style=\"height: 51px;\" width=\"260\">\n<tbody>\n<tr>\n<td width=\"125\">\n<h4>RAVINTOSIS\u00c4LT\u00d6 (100 G:SSA)<\/h4>\n<\/td>\n<\/tr>\n<\/tbody>\n<\/table>\n<p>&nbsp;<\/p>\n<table width=\"240\">\n<tbody>\n<tr>\n<td width=\"84\">Energia<\/td>\n<td width=\"156\">1378 kJ \/ 334 kcal<\/td>\n<\/tr>\n<tr>\n<td width=\"84\">Rasva<\/td>\n<td>26 g (josta tyydyttynytt\u00e4 17 g)<\/td>\n<\/tr>\n<tr>\n<td width=\"84\">Hiilihydraatit<\/td>\n<td>0 g (josta sokereita 0 g)<\/td>\n<\/tr>\n<tr>\n<td width=\"84\">Proteiini<\/td>\n<td>25 g<\/td>\n<\/tr>\n<tr>\n<td width=\"84\">Suola<\/td>\n<td>1,2 g<\/td>\n<\/tr>\n<\/tbody>\n<\/table>\n","protected":false},"featured_media":5911,"template":"","meta":[],"product_brand":[],"product_cat":[87,88,140],"product_tag":[],"class_list":{"0":"post-3247","1":"product","2":"type-product","3":"status-publish","4":"has-post-thumbnail","6":"product_cat-juusto","7":"product_cat-juustokuutiot","8":"product_cat-laktoositon","9":"description-off","11":"first","12":"instock","13":"shipping-taxable","14":"product-type-simple"},"_links":{"self":[{"href":"https:\/\/www.mosaaremaa.ee\/fi\/wp-json\/wp\/v2\/product\/3247","targetHints":{"allow":["GET"]}}],"collection":[{"href":"https:\/\/www.mosaaremaa.ee\/fi\/wp-json\/wp\/v2\/product"}],"about":[{"href":"https:\/\/www.mosaaremaa.ee\/fi\/wp-json\/wp\/v2\/types\/product"}],"wp:featuredmedia":[{"embeddable":true,"href":"https:\/\/www.mosaaremaa.ee\/fi\/wp-json\/wp\/v2\/media\/5911"}],"wp:attachment":[{"href":"https:\/\/www.mosaaremaa.ee\/fi\/wp-json\/wp\/v2\/media?parent=3247"}],"wp:term":[{"taxonomy":"product_brand","embeddable":true,"href":"https:\/\/www.mosaaremaa.ee\/fi\/wp-json\/wp\/v2\/product_brand?post=3247"},{"taxonomy":"product_cat","embeddable":true,"href":"https:\/\/www.mosaaremaa.ee\/fi\/wp-json\/wp\/v2\/product_cat?post=3247"},{"taxonomy":"product_tag","embeddable":true,"href":"https:\/\/www.mosaaremaa.ee\/fi\/wp-json\/wp\/v2\/product_tag?post=3247"}],"curies":[{"name":"wp","href":"https:\/\/api.w.org\/{rel}","templated":true}]}}