{"id":3255,"date":"2020-03-23T20:05:19","date_gmt":"2020-03-23T20:05:19","guid":{"rendered":"https:\/\/www.mosaaremaa.ee\/toode\/saaremaa-riivjuust-200g\/"},"modified":"2022-12-14T08:52:32","modified_gmt":"2022-12-14T08:52:32","slug":"saaremaa-riivjuust-200g","status":"publish","type":"product","link":"https:\/\/www.mosaaremaa.ee\/fi\/toode\/saaremaa-riivjuust-200g\/","title":{"rendered":"Mo Saaremaa raastettu juusto 200 g"},"content":{"rendered":"","protected":false},"excerpt":{"rendered":"<p><strong>AINESOSAT:<\/strong><\/p>\n<p>past\u00f6roitu maito, happamuudens\u00e4\u00e4t\u00f6aine CaCl\u2082, suola, hapate, juoksute.<\/p>\n<p><strong>RAVINTOSIS\u00c4LT\u00d6 (100 G)<\/strong><\/p>\n<ul>\n<li>Energia 1378 kJ \/ 334 kcal<\/li>\n<li>Rasva 26 g, josta tyydyttynytt\u00e4 17 g<\/li>\n<li>Hiilihydraatit 0 g, josta sokereita 0 g<\/li>\n<li>Proteiini 25 g<\/li>\n<li>Suola 1,2 g<\/li>\n<\/ul>\n<p><strong>S\u00c4ILYTYSTIEDOT<\/strong><\/p>\n<p>S\u00e4ilyy avaamattomana alle + 8 \u00b0C:ssa v\u00e4hint\u00e4\u00e4n pakkauksessa merkittyyn p\u00e4iv\u00e4\u00e4n.<\/p>\n<p><strong>TILAUSTIEDOT\u00a0<\/strong><\/p>\n<p>EAN NUMERO 4740153594211<\/p>\n","protected":false},"featured_media":6796,"template":"","meta":[],"product_brand":[],"product_cat":[87,90,140],"product_tag":[],"class_list":{"0":"post-3255","1":"product","2":"type-product","3":"status-publish","4":"has-post-thumbnail","6":"product_cat-juusto","7":"product_cat-juustoraasteet","8":"product_cat-laktoositon","9":"description-off","11":"first","12":"instock","13":"shipping-taxable","14":"product-type-simple"},"_links":{"self":[{"href":"https:\/\/www.mosaaremaa.ee\/fi\/wp-json\/wp\/v2\/product\/3255","targetHints":{"allow":["GET"]}}],"collection":[{"href":"https:\/\/www.mosaaremaa.ee\/fi\/wp-json\/wp\/v2\/product"}],"about":[{"href":"https:\/\/www.mosaaremaa.ee\/fi\/wp-json\/wp\/v2\/types\/product"}],"wp:featuredmedia":[{"embeddable":true,"href":"https:\/\/www.mosaaremaa.ee\/fi\/wp-json\/wp\/v2\/media\/6796"}],"wp:attachment":[{"href":"https:\/\/www.mosaaremaa.ee\/fi\/wp-json\/wp\/v2\/media?parent=3255"}],"wp:term":[{"taxonomy":"product_brand","embeddable":true,"href":"https:\/\/www.mosaaremaa.ee\/fi\/wp-json\/wp\/v2\/product_brand?post=3255"},{"taxonomy":"product_cat","embeddable":true,"href":"https:\/\/www.mosaaremaa.ee\/fi\/wp-json\/wp\/v2\/product_cat?post=3255"},{"taxonomy":"product_tag","embeddable":true,"href":"https:\/\/www.mosaaremaa.ee\/fi\/wp-json\/wp\/v2\/product_tag?post=3255"}],"curies":[{"name":"wp","href":"https:\/\/api.w.org\/{rel}","templated":true}]}}