{"id":7111,"date":"2023-06-01T08:30:12","date_gmt":"2023-06-01T08:30:12","guid":{"rendered":"https:\/\/www.mosaaremaa.ee\/?post_type=product&#038;p=7111"},"modified":"2023-06-01T08:36:58","modified_gmt":"2023-06-01T08:36:58","slug":"mo-saaremaa-edam-juusto-1kg","status":"publish","type":"product","link":"https:\/\/www.mosaaremaa.ee\/fi\/toode\/mo-saaremaa-edam-juusto-1kg\/","title":{"rendered":"Mo Saaremaa Edam juusto 1 kg"},"content":{"rendered":"","protected":false},"excerpt":{"rendered":"<h4>AINEOSAT<\/h4>\n<p>past\u00f6roitu MAITO (Saare-, Hiiu- ja Muhumaa), happamuudens\u00e4\u00e4t\u00f6aine kalsiumkloridi, suola, hapate, juoksute.<\/p>\n<p>&nbsp;<\/p>\n<h4>RAVINTOSIS\u00c4LT\u00d6 (100 G:SSA)<\/h4>\n<table width=\"240\">\n<tbody>\n<tr>\n<td width=\"84\">Energia<\/td>\n<td width=\"156\">1364 kJ \/ 328 kcal<\/td>\n<\/tr>\n<tr>\n<td width=\"84\">Rasva<\/td>\n<td>24 g (josta tyydyttynytt\u00e4 15 g)<\/td>\n<\/tr>\n<tr>\n<td width=\"84\">Hiilihydraatit<\/td>\n<td>0 g (josta sokereita 0 g)<\/td>\n<\/tr>\n<tr>\n<td width=\"84\">Proteiini<\/td>\n<td>28 g<\/td>\n<\/tr>\n<tr>\n<td width=\"84\">Suola<\/td>\n<td>1,2 g<\/td>\n<\/tr>\n<\/tbody>\n<\/table>\n<h4><\/h4>\n","protected":false},"featured_media":7115,"template":"","meta":[],"product_brand":[],"product_cat":[87,140,91],"product_tag":[],"class_list":{"0":"post-7111","1":"product","2":"type-product","3":"status-publish","4":"has-post-thumbnail","6":"product_cat-juusto","7":"product_cat-laktoositon","8":"product_cat-pala-juustoja","9":"description-off","11":"first","12":"instock","13":"shipping-taxable","14":"product-type-simple"},"_links":{"self":[{"href":"https:\/\/www.mosaaremaa.ee\/fi\/wp-json\/wp\/v2\/product\/7111","targetHints":{"allow":["GET"]}}],"collection":[{"href":"https:\/\/www.mosaaremaa.ee\/fi\/wp-json\/wp\/v2\/product"}],"about":[{"href":"https:\/\/www.mosaaremaa.ee\/fi\/wp-json\/wp\/v2\/types\/product"}],"wp:featuredmedia":[{"embeddable":true,"href":"https:\/\/www.mosaaremaa.ee\/fi\/wp-json\/wp\/v2\/media\/7115"}],"wp:attachment":[{"href":"https:\/\/www.mosaaremaa.ee\/fi\/wp-json\/wp\/v2\/media?parent=7111"}],"wp:term":[{"taxonomy":"product_brand","embeddable":true,"href":"https:\/\/www.mosaaremaa.ee\/fi\/wp-json\/wp\/v2\/product_brand?post=7111"},{"taxonomy":"product_cat","embeddable":true,"href":"https:\/\/www.mosaaremaa.ee\/fi\/wp-json\/wp\/v2\/product_cat?post=7111"},{"taxonomy":"product_tag","embeddable":true,"href":"https:\/\/www.mosaaremaa.ee\/fi\/wp-json\/wp\/v2\/product_tag?post=7111"}],"curies":[{"name":"wp","href":"https:\/\/api.w.org\/{rel}","templated":true}]}}