{"id":7474,"date":"2026-04-21T08:53:29","date_gmt":"2026-04-21T08:53:29","guid":{"rendered":"https:\/\/www.mosaaremaa.ee\/?post_type=product&#038;p=7474"},"modified":"2026-04-21T09:15:03","modified_gmt":"2026-04-21T09:15:03","slug":"mo-saaremaa-raastettu-juusto-200-g-kopeeri","status":"publish","type":"product","link":"https:\/\/www.mosaaremaa.ee\/fi\/toode\/mo-saaremaa-raastettu-juusto-200-g-kopeeri\/","title":{"rendered":"Mo Saaremaa Red Cheddar -tyyppinen juustoraaste 150 g"},"content":{"rendered":"","protected":false},"excerpt":{"rendered":"<p><strong>AINESOSAT:<\/strong><\/p>\n<p>Past\u00f6roitu <strong>maito<\/strong>, happemuudens\u00e4\u00e4t\u00f6aine kalsiumkloridi, suola, hapate, juoksute (mikrobiologiset), v\u00e4ri: karotenoidit (beetakaroteeni).<\/p>\n<p><strong>RAVINTOSIS\u00c4LT\u00d6 (100 G)<\/strong><\/p>\n<ul>\n<li>Energia 1387 kJ \/ 334 kcal<\/li>\n<li>Rasva 26 g, josta tyydyttynytt\u00e4 17 g<\/li>\n<li>Hiilihydraatit &lt;0,5 g, josta sokereita &lt;0,5 g<\/li>\n<li>Proteiini 25 g<\/li>\n<li>Suola 1,2 g<\/li>\n<\/ul>\n<p><strong>S\u00c4ILYTYSTIEDOT<\/strong><\/p>\n<p>S\u00e4ilyy avaamattomana alle + 8 \u00b0C:ssa v\u00e4hint\u00e4\u00e4n pakkauksessa merkittyyn p\u00e4iv\u00e4\u00e4n.<\/p>\n<p><strong>TILAUSTIEDOT\u00a0<\/strong><\/p>\n<p>EAN NUMERO 4740153410092<\/p>\n","protected":false},"featured_media":7486,"template":"","meta":[],"product_brand":[],"product_cat":[87,90,140],"product_tag":[242],"class_list":{"0":"post-7474","1":"product","2":"type-product","3":"status-publish","4":"has-post-thumbnail","6":"product_cat-juusto","7":"product_cat-juustoraasteet","8":"product_cat-laktoositon","9":"product_tag-mosaaremaa-fi","10":"description-off","12":"first","13":"instock","14":"shipping-taxable","15":"product-type-simple"},"_links":{"self":[{"href":"https:\/\/www.mosaaremaa.ee\/fi\/wp-json\/wp\/v2\/product\/7474","targetHints":{"allow":["GET"]}}],"collection":[{"href":"https:\/\/www.mosaaremaa.ee\/fi\/wp-json\/wp\/v2\/product"}],"about":[{"href":"https:\/\/www.mosaaremaa.ee\/fi\/wp-json\/wp\/v2\/types\/product"}],"wp:featuredmedia":[{"embeddable":true,"href":"https:\/\/www.mosaaremaa.ee\/fi\/wp-json\/wp\/v2\/media\/7486"}],"wp:attachment":[{"href":"https:\/\/www.mosaaremaa.ee\/fi\/wp-json\/wp\/v2\/media?parent=7474"}],"wp:term":[{"taxonomy":"product_brand","embeddable":true,"href":"https:\/\/www.mosaaremaa.ee\/fi\/wp-json\/wp\/v2\/product_brand?post=7474"},{"taxonomy":"product_cat","embeddable":true,"href":"https:\/\/www.mosaaremaa.ee\/fi\/wp-json\/wp\/v2\/product_cat?post=7474"},{"taxonomy":"product_tag","embeddable":true,"href":"https:\/\/www.mosaaremaa.ee\/fi\/wp-json\/wp\/v2\/product_tag?post=7474"}],"curies":[{"name":"wp","href":"https:\/\/api.w.org\/{rel}","templated":true}]}}